{"id":13733,"date":"2016-08-04T14:18:36","date_gmt":"2016-08-04T12:18:36","guid":{"rendered":"https:\/\/ozyufka.com\/produkt\/sarma-boeregi\/"},"modified":"2021-05-18T10:28:25","modified_gmt":"2021-05-18T08:28:25","slug":"sarma-boeregi","status":"publish","type":"product","link":"https:\/\/ozyufka.com\/tr\/produkt\/sarma-boeregi\/","title":{"rendered":"Sarma B\u00f6re\u011fi"},"content":{"rendered":"","protected":false},"excerpt":{"rendered":"<p>Sarma B\u00f6re\u011fi<\/p>\n","protected":false},"featured_media":13290,"template":"","meta":[],"product_cat":[996],"product_tag":[],"class_list":["post-13733","product","type-product","status-publish","has-post-thumbnail","hentry","product_cat-boerek-tr"],"yoast_head":"<!-- This site is optimized with the Yoast SEO Premium plugin v16.8 (Yoast SEO v19.10) - https:\/\/yoast.com\/wordpress\/plugins\/seo\/ -->\n<title>Sarma B\u00f6re\u011fi - ozyufka<\/title>\n<meta name=\"robots\" content=\"index, follow, max-snippet:-1, max-image-preview:large, max-video-preview:-1\" \/>\n<link rel=\"canonical\" href=\"https:\/\/ozyufka.com\/tr\/produkt\/sarma-boeregi\/\" \/>\n<meta property=\"og:locale\" content=\"tr_TR\" \/>\n<meta property=\"og:type\" content=\"article\" \/>\n<meta property=\"og:title\" content=\"Sarma B\u00f6re\u011fi\" \/>\n<meta property=\"og:description\" content=\"Sarma B\u00f6re\u011fi\" \/>\n<meta property=\"og:url\" content=\"https:\/\/ozyufka.com\/tr\/produkt\/sarma-boeregi\/\" \/>\n<meta property=\"og:site_name\" content=\"ozyufka\" \/>\n<meta property=\"article:publisher\" content=\"https:\/\/www.facebook.com\/ozyufka\/\" \/>\n<meta property=\"article:modified_time\" content=\"2021-05-18T08:28:25+00:00\" \/>\n<meta property=\"og:image\" content=\"https:\/\/ozyufka.com\/wp-content\/uploads\/2016\/08\/1201-Sarma-Boeregi_front-e1619800776685.png\" \/>\n\t<meta property=\"og:image:width\" content=\"4035\" \/>\n\t<meta property=\"og:image:height\" content=\"3961\" \/>\n\t<meta property=\"og:image:type\" content=\"image\/png\" \/>\n<meta name=\"twitter:card\" content=\"summary_large_image\" \/>\n<script type=\"application\/ld+json\" class=\"yoast-schema-graph\">{\"@context\":\"https:\/\/schema.org\",\"@graph\":[{\"@type\":\"WebPage\",\"@id\":\"https:\/\/ozyufka.com\/tr\/produkt\/sarma-boeregi\/\",\"url\":\"https:\/\/ozyufka.com\/tr\/produkt\/sarma-boeregi\/\",\"name\":\"Sarma B\u00f6re\u011fi - ozyufka\",\"isPartOf\":{\"@id\":\"https:\/\/ozyufka.com\/#website\"},\"datePublished\":\"2016-08-04T12:18:36+00:00\",\"dateModified\":\"2021-05-18T08:28:25+00:00\",\"breadcrumb\":{\"@id\":\"https:\/\/ozyufka.com\/tr\/produkt\/sarma-boeregi\/#breadcrumb\"},\"inLanguage\":\"tr\",\"potentialAction\":[{\"@type\":\"ReadAction\",\"target\":[\"https:\/\/ozyufka.com\/tr\/produkt\/sarma-boeregi\/\"]}]},{\"@type\":\"BreadcrumbList\",\"@id\":\"https:\/\/ozyufka.com\/tr\/produkt\/sarma-boeregi\/#breadcrumb\",\"itemListElement\":[{\"@type\":\"ListItem\",\"position\":1,\"name\":\"Startseite\",\"item\":\"https:\/\/ozyufka.com\/tr\/\"},{\"@type\":\"ListItem\",\"position\":2,\"name\":\"\u00dcR\u00dcNLER\u0130M\u0130Z\",\"item\":\"https:\/\/ozyufka.com\/tr\/ueruenlerimiz\/\"},{\"@type\":\"ListItem\",\"position\":3,\"name\":\"Sarma B\u00f6re\u011fi\"}]},{\"@type\":\"WebSite\",\"@id\":\"https:\/\/ozyufka.com\/#website\",\"url\":\"https:\/\/ozyufka.com\/\",\"name\":\"ozyufka\",\"description\":\"Teigwarenproduktion\",\"publisher\":{\"@id\":\"https:\/\/ozyufka.com\/#organization\"},\"potentialAction\":[{\"@type\":\"SearchAction\",\"target\":{\"@type\":\"EntryPoint\",\"urlTemplate\":\"https:\/\/ozyufka.com\/?s={search_term_string}\"},\"query-input\":\"required name=search_term_string\"}],\"inLanguage\":\"tr\"},{\"@type\":\"Organization\",\"@id\":\"https:\/\/ozyufka.com\/#organization\",\"name\":\"\u00d6z Yufka\",\"url\":\"https:\/\/ozyufka.com\/\",\"logo\":{\"@type\":\"ImageObject\",\"inLanguage\":\"tr\",\"@id\":\"https:\/\/ozyufka.com\/#\/schema\/logo\/image\/\",\"url\":\"https:\/\/ozyufka.com\/wp-content\/uploads\/2016\/08\/logo_150-1.png\",\"contentUrl\":\"https:\/\/ozyufka.com\/wp-content\/uploads\/2016\/08\/logo_150-1.png\",\"width\":150,\"height\":150,\"caption\":\"\u00d6z Yufka\"},\"image\":{\"@id\":\"https:\/\/ozyufka.com\/#\/schema\/logo\/image\/\"},\"sameAs\":[\"https:\/\/www.instagram.com\/ozyufka.com_tr\/?hl=en\",\"https:\/\/www.youtube.com\/channel\/UCJr0BtY4hXubsgpOKa-wXwQ\",\"https:\/\/www.facebook.com\/ozyufka\/\"]}]}<\/script>\n<!-- \/ Yoast SEO Premium plugin. -->","yoast_head_json":{"title":"Sarma B\u00f6re\u011fi - ozyufka","robots":{"index":"index","follow":"follow","max-snippet":"max-snippet:-1","max-image-preview":"max-image-preview:large","max-video-preview":"max-video-preview:-1"},"canonical":"https:\/\/ozyufka.com\/tr\/produkt\/sarma-boeregi\/","og_locale":"tr_TR","og_type":"article","og_title":"Sarma B\u00f6re\u011fi","og_description":"Sarma B\u00f6re\u011fi","og_url":"https:\/\/ozyufka.com\/tr\/produkt\/sarma-boeregi\/","og_site_name":"ozyufka","article_publisher":"https:\/\/www.facebook.com\/ozyufka\/","article_modified_time":"2021-05-18T08:28:25+00:00","og_image":[{"width":4035,"height":3961,"url":"https:\/\/ozyufka.com\/wp-content\/uploads\/2016\/08\/1201-Sarma-Boeregi_front-e1619800776685.png","type":"image\/png"}],"twitter_card":"summary_large_image","schema":{"@context":"https:\/\/schema.org","@graph":[{"@type":"WebPage","@id":"https:\/\/ozyufka.com\/tr\/produkt\/sarma-boeregi\/","url":"https:\/\/ozyufka.com\/tr\/produkt\/sarma-boeregi\/","name":"Sarma B\u00f6re\u011fi - ozyufka","isPartOf":{"@id":"https:\/\/ozyufka.com\/#website"},"datePublished":"2016-08-04T12:18:36+00:00","dateModified":"2021-05-18T08:28:25+00:00","breadcrumb":{"@id":"https:\/\/ozyufka.com\/tr\/produkt\/sarma-boeregi\/#breadcrumb"},"inLanguage":"tr","potentialAction":[{"@type":"ReadAction","target":["https:\/\/ozyufka.com\/tr\/produkt\/sarma-boeregi\/"]}]},{"@type":"BreadcrumbList","@id":"https:\/\/ozyufka.com\/tr\/produkt\/sarma-boeregi\/#breadcrumb","itemListElement":[{"@type":"ListItem","position":1,"name":"Startseite","item":"https:\/\/ozyufka.com\/tr\/"},{"@type":"ListItem","position":2,"name":"\u00dcR\u00dcNLER\u0130M\u0130Z","item":"https:\/\/ozyufka.com\/tr\/ueruenlerimiz\/"},{"@type":"ListItem","position":3,"name":"Sarma B\u00f6re\u011fi"}]},{"@type":"WebSite","@id":"https:\/\/ozyufka.com\/#website","url":"https:\/\/ozyufka.com\/","name":"ozyufka","description":"Teigwarenproduktion","publisher":{"@id":"https:\/\/ozyufka.com\/#organization"},"potentialAction":[{"@type":"SearchAction","target":{"@type":"EntryPoint","urlTemplate":"https:\/\/ozyufka.com\/?s={search_term_string}"},"query-input":"required name=search_term_string"}],"inLanguage":"tr"},{"@type":"Organization","@id":"https:\/\/ozyufka.com\/#organization","name":"\u00d6z Yufka","url":"https:\/\/ozyufka.com\/","logo":{"@type":"ImageObject","inLanguage":"tr","@id":"https:\/\/ozyufka.com\/#\/schema\/logo\/image\/","url":"https:\/\/ozyufka.com\/wp-content\/uploads\/2016\/08\/logo_150-1.png","contentUrl":"https:\/\/ozyufka.com\/wp-content\/uploads\/2016\/08\/logo_150-1.png","width":150,"height":150,"caption":"\u00d6z Yufka"},"image":{"@id":"https:\/\/ozyufka.com\/#\/schema\/logo\/image\/"},"sameAs":["https:\/\/www.instagram.com\/ozyufka.com_tr\/?hl=en","https:\/\/www.youtube.com\/channel\/UCJr0BtY4hXubsgpOKa-wXwQ","https:\/\/www.facebook.com\/ozyufka\/"]}]}},"_links":{"self":[{"href":"https:\/\/ozyufka.com\/tr\/wp-json\/wp\/v2\/product\/13733","targetHints":{"allow":["GET"]}}],"collection":[{"href":"https:\/\/ozyufka.com\/tr\/wp-json\/wp\/v2\/product"}],"about":[{"href":"https:\/\/ozyufka.com\/tr\/wp-json\/wp\/v2\/types\/product"}],"wp:featuredmedia":[{"embeddable":true,"href":"https:\/\/ozyufka.com\/tr\/wp-json\/wp\/v2\/media\/13290"}],"wp:attachment":[{"href":"https:\/\/ozyufka.com\/tr\/wp-json\/wp\/v2\/media?parent=13733"}],"wp:term":[{"taxonomy":"product_cat","embeddable":true,"href":"https:\/\/ozyufka.com\/tr\/wp-json\/wp\/v2\/product_cat?post=13733"},{"taxonomy":"product_tag","embeddable":true,"href":"https:\/\/ozyufka.com\/tr\/wp-json\/wp\/v2\/product_tag?post=13733"}],"curies":[{"name":"wp","href":"https:\/\/api.w.org\/{rel}","templated":true}]}}