{"id":13712,"date":"2016-08-04T14:14:19","date_gmt":"2016-08-04T12:14:19","guid":{"rendered":"https:\/\/ozyufka.com\/produkt\/guenluek-taze-yufka\/"},"modified":"2021-05-14T13:57:35","modified_gmt":"2021-05-14T11:57:35","slug":"guenluek-taze-yufka","status":"publish","type":"product","link":"https:\/\/ozyufka.com\/tr\/produkt\/guenluek-taze-yufka\/","title":{"rendered":"G\u00fcnl\u00fck Taze Yufka"},"content":{"rendered":"","protected":false},"excerpt":{"rendered":"<p>6 adet Yufka, \u00d8 60-65cm<\/p>\n","protected":false},"featured_media":13486,"template":"","meta":[],"product_cat":[914],"product_tag":[],"class_list":["post-13712","product","type-product","status-publish","has-post-thumbnail","hentry","product_cat-yufka"],"yoast_head":"<!-- This site is optimized with the Yoast SEO Premium plugin v16.8 (Yoast SEO v19.10) - https:\/\/yoast.com\/wordpress\/plugins\/seo\/ -->\n<title>G\u00fcnl\u00fck Taze Yufka - ozyufka<\/title>\n<meta name=\"robots\" content=\"index, follow, max-snippet:-1, max-image-preview:large, max-video-preview:-1\" \/>\n<link rel=\"canonical\" href=\"https:\/\/ozyufka.com\/tr\/produkt\/guenluek-taze-yufka\/\" \/>\n<meta property=\"og:locale\" content=\"tr_TR\" \/>\n<meta property=\"og:type\" content=\"article\" \/>\n<meta property=\"og:title\" content=\"G\u00fcnl\u00fck Taze Yufka\" \/>\n<meta property=\"og:description\" content=\"6 adet Yufka, \u00d8 60-65cm\" \/>\n<meta property=\"og:url\" content=\"https:\/\/ozyufka.com\/tr\/produkt\/guenluek-taze-yufka\/\" \/>\n<meta property=\"og:site_name\" content=\"ozyufka\" \/>\n<meta property=\"article:publisher\" content=\"https:\/\/www.facebook.com\/ozyufka\/\" \/>\n<meta property=\"article:modified_time\" content=\"2021-05-14T11:57:35+00:00\" \/>\n<meta property=\"og:image\" content=\"https:\/\/ozyufka.com\/wp-content\/uploads\/2016\/08\/1001-Guenluek-Taze-Yufka_6-800x798-1.png\" \/>\n\t<meta property=\"og:image:width\" content=\"800\" \/>\n\t<meta property=\"og:image:height\" content=\"798\" \/>\n\t<meta property=\"og:image:type\" content=\"image\/png\" \/>\n<meta name=\"twitter:card\" content=\"summary_large_image\" \/>\n<script type=\"application\/ld+json\" class=\"yoast-schema-graph\">{\"@context\":\"https:\/\/schema.org\",\"@graph\":[{\"@type\":\"WebPage\",\"@id\":\"https:\/\/ozyufka.com\/tr\/produkt\/guenluek-taze-yufka\/\",\"url\":\"https:\/\/ozyufka.com\/tr\/produkt\/guenluek-taze-yufka\/\",\"name\":\"G\u00fcnl\u00fck Taze Yufka - ozyufka\",\"isPartOf\":{\"@id\":\"https:\/\/ozyufka.com\/#website\"},\"datePublished\":\"2016-08-04T12:14:19+00:00\",\"dateModified\":\"2021-05-14T11:57:35+00:00\",\"breadcrumb\":{\"@id\":\"https:\/\/ozyufka.com\/tr\/produkt\/guenluek-taze-yufka\/#breadcrumb\"},\"inLanguage\":\"tr\",\"potentialAction\":[{\"@type\":\"ReadAction\",\"target\":[\"https:\/\/ozyufka.com\/tr\/produkt\/guenluek-taze-yufka\/\"]}]},{\"@type\":\"BreadcrumbList\",\"@id\":\"https:\/\/ozyufka.com\/tr\/produkt\/guenluek-taze-yufka\/#breadcrumb\",\"itemListElement\":[{\"@type\":\"ListItem\",\"position\":1,\"name\":\"Startseite\",\"item\":\"https:\/\/ozyufka.com\/tr\/\"},{\"@type\":\"ListItem\",\"position\":2,\"name\":\"\u00dcR\u00dcNLER\u0130M\u0130Z\",\"item\":\"https:\/\/ozyufka.com\/tr\/ueruenlerimiz\/\"},{\"@type\":\"ListItem\",\"position\":3,\"name\":\"G\u00fcnl\u00fck Taze Yufka\"}]},{\"@type\":\"WebSite\",\"@id\":\"https:\/\/ozyufka.com\/#website\",\"url\":\"https:\/\/ozyufka.com\/\",\"name\":\"ozyufka\",\"description\":\"Teigwarenproduktion\",\"publisher\":{\"@id\":\"https:\/\/ozyufka.com\/#organization\"},\"potentialAction\":[{\"@type\":\"SearchAction\",\"target\":{\"@type\":\"EntryPoint\",\"urlTemplate\":\"https:\/\/ozyufka.com\/?s={search_term_string}\"},\"query-input\":\"required name=search_term_string\"}],\"inLanguage\":\"tr\"},{\"@type\":\"Organization\",\"@id\":\"https:\/\/ozyufka.com\/#organization\",\"name\":\"\u00d6z Yufka\",\"url\":\"https:\/\/ozyufka.com\/\",\"logo\":{\"@type\":\"ImageObject\",\"inLanguage\":\"tr\",\"@id\":\"https:\/\/ozyufka.com\/#\/schema\/logo\/image\/\",\"url\":\"https:\/\/ozyufka.com\/wp-content\/uploads\/2016\/08\/logo_150-1.png\",\"contentUrl\":\"https:\/\/ozyufka.com\/wp-content\/uploads\/2016\/08\/logo_150-1.png\",\"width\":150,\"height\":150,\"caption\":\"\u00d6z Yufka\"},\"image\":{\"@id\":\"https:\/\/ozyufka.com\/#\/schema\/logo\/image\/\"},\"sameAs\":[\"https:\/\/www.instagram.com\/ozyufka.com_tr\/?hl=en\",\"https:\/\/www.youtube.com\/channel\/UCJr0BtY4hXubsgpOKa-wXwQ\",\"https:\/\/www.facebook.com\/ozyufka\/\"]}]}<\/script>\n<!-- \/ Yoast SEO Premium plugin. -->","yoast_head_json":{"title":"G\u00fcnl\u00fck Taze Yufka - ozyufka","robots":{"index":"index","follow":"follow","max-snippet":"max-snippet:-1","max-image-preview":"max-image-preview:large","max-video-preview":"max-video-preview:-1"},"canonical":"https:\/\/ozyufka.com\/tr\/produkt\/guenluek-taze-yufka\/","og_locale":"tr_TR","og_type":"article","og_title":"G\u00fcnl\u00fck Taze Yufka","og_description":"6 adet Yufka, \u00d8 60-65cm","og_url":"https:\/\/ozyufka.com\/tr\/produkt\/guenluek-taze-yufka\/","og_site_name":"ozyufka","article_publisher":"https:\/\/www.facebook.com\/ozyufka\/","article_modified_time":"2021-05-14T11:57:35+00:00","og_image":[{"width":800,"height":798,"url":"https:\/\/ozyufka.com\/wp-content\/uploads\/2016\/08\/1001-Guenluek-Taze-Yufka_6-800x798-1.png","type":"image\/png"}],"twitter_card":"summary_large_image","schema":{"@context":"https:\/\/schema.org","@graph":[{"@type":"WebPage","@id":"https:\/\/ozyufka.com\/tr\/produkt\/guenluek-taze-yufka\/","url":"https:\/\/ozyufka.com\/tr\/produkt\/guenluek-taze-yufka\/","name":"G\u00fcnl\u00fck Taze Yufka - ozyufka","isPartOf":{"@id":"https:\/\/ozyufka.com\/#website"},"datePublished":"2016-08-04T12:14:19+00:00","dateModified":"2021-05-14T11:57:35+00:00","breadcrumb":{"@id":"https:\/\/ozyufka.com\/tr\/produkt\/guenluek-taze-yufka\/#breadcrumb"},"inLanguage":"tr","potentialAction":[{"@type":"ReadAction","target":["https:\/\/ozyufka.com\/tr\/produkt\/guenluek-taze-yufka\/"]}]},{"@type":"BreadcrumbList","@id":"https:\/\/ozyufka.com\/tr\/produkt\/guenluek-taze-yufka\/#breadcrumb","itemListElement":[{"@type":"ListItem","position":1,"name":"Startseite","item":"https:\/\/ozyufka.com\/tr\/"},{"@type":"ListItem","position":2,"name":"\u00dcR\u00dcNLER\u0130M\u0130Z","item":"https:\/\/ozyufka.com\/tr\/ueruenlerimiz\/"},{"@type":"ListItem","position":3,"name":"G\u00fcnl\u00fck Taze Yufka"}]},{"@type":"WebSite","@id":"https:\/\/ozyufka.com\/#website","url":"https:\/\/ozyufka.com\/","name":"ozyufka","description":"Teigwarenproduktion","publisher":{"@id":"https:\/\/ozyufka.com\/#organization"},"potentialAction":[{"@type":"SearchAction","target":{"@type":"EntryPoint","urlTemplate":"https:\/\/ozyufka.com\/?s={search_term_string}"},"query-input":"required name=search_term_string"}],"inLanguage":"tr"},{"@type":"Organization","@id":"https:\/\/ozyufka.com\/#organization","name":"\u00d6z Yufka","url":"https:\/\/ozyufka.com\/","logo":{"@type":"ImageObject","inLanguage":"tr","@id":"https:\/\/ozyufka.com\/#\/schema\/logo\/image\/","url":"https:\/\/ozyufka.com\/wp-content\/uploads\/2016\/08\/logo_150-1.png","contentUrl":"https:\/\/ozyufka.com\/wp-content\/uploads\/2016\/08\/logo_150-1.png","width":150,"height":150,"caption":"\u00d6z Yufka"},"image":{"@id":"https:\/\/ozyufka.com\/#\/schema\/logo\/image\/"},"sameAs":["https:\/\/www.instagram.com\/ozyufka.com_tr\/?hl=en","https:\/\/www.youtube.com\/channel\/UCJr0BtY4hXubsgpOKa-wXwQ","https:\/\/www.facebook.com\/ozyufka\/"]}]}},"_links":{"self":[{"href":"https:\/\/ozyufka.com\/tr\/wp-json\/wp\/v2\/product\/13712","targetHints":{"allow":["GET"]}}],"collection":[{"href":"https:\/\/ozyufka.com\/tr\/wp-json\/wp\/v2\/product"}],"about":[{"href":"https:\/\/ozyufka.com\/tr\/wp-json\/wp\/v2\/types\/product"}],"wp:featuredmedia":[{"embeddable":true,"href":"https:\/\/ozyufka.com\/tr\/wp-json\/wp\/v2\/media\/13486"}],"wp:attachment":[{"href":"https:\/\/ozyufka.com\/tr\/wp-json\/wp\/v2\/media?parent=13712"}],"wp:term":[{"taxonomy":"product_cat","embeddable":true,"href":"https:\/\/ozyufka.com\/tr\/wp-json\/wp\/v2\/product_cat?post=13712"},{"taxonomy":"product_tag","embeddable":true,"href":"https:\/\/ozyufka.com\/tr\/wp-json\/wp\/v2\/product_tag?post=13712"}],"curies":[{"name":"wp","href":"https:\/\/api.w.org\/{rel}","templated":true}]}}