{"id":13650,"date":"2021-05-10T16:15:17","date_gmt":"2021-05-10T14:15:17","guid":{"rendered":"https:\/\/ozyufka.com\/?post_type=product&#038;p=13650"},"modified":"2021-05-18T10:13:37","modified_gmt":"2021-05-18T08:13:37","slug":"lavas-dueruem","status":"publish","type":"product","link":"https:\/\/ozyufka.com\/tr\/produkt\/lavas-dueruem\/","title":{"rendered":"Lava\u015f &#8211; D\u00fcr\u00fcm"},"content":{"rendered":"","protected":false},"excerpt":{"rendered":"","protected":false},"featured_media":13657,"template":"","meta":[],"product_cat":[1002],"product_tag":[],"class_list":["post-13650","product","type-product","status-publish","has-post-thumbnail","hentry","product_cat-tortillas-tr"],"yoast_head":"<!-- This site is optimized with the Yoast SEO Premium plugin v16.8 (Yoast SEO v19.10) - https:\/\/yoast.com\/wordpress\/plugins\/seo\/ -->\n<title>Lava\u015f - D\u00fcr\u00fcm - ozyufka<\/title>\n<meta name=\"robots\" content=\"index, follow, max-snippet:-1, max-image-preview:large, max-video-preview:-1\" \/>\n<link rel=\"canonical\" href=\"https:\/\/ozyufka.com\/tr\/produkt\/lavas-dueruem\/\" \/>\n<meta property=\"og:locale\" content=\"tr_TR\" \/>\n<meta property=\"og:type\" content=\"article\" \/>\n<meta property=\"og:title\" content=\"Lava\u015f - D\u00fcr\u00fcm\" \/>\n<meta property=\"og:url\" content=\"https:\/\/ozyufka.com\/tr\/produkt\/lavas-dueruem\/\" \/>\n<meta property=\"og:site_name\" content=\"ozyufka\" \/>\n<meta property=\"article:publisher\" content=\"https:\/\/www.facebook.com\/ozyufka\/\" \/>\n<meta property=\"article:modified_time\" content=\"2021-05-18T08:13:37+00:00\" \/>\n<meta property=\"og:image\" content=\"https:\/\/ozyufka.com\/wp-content\/uploads\/2021\/05\/1382-1383-1384-Lavas-Dueruem-800x779-1.png\" \/>\n\t<meta property=\"og:image:width\" content=\"800\" \/>\n\t<meta property=\"og:image:height\" content=\"779\" \/>\n\t<meta property=\"og:image:type\" content=\"image\/png\" \/>\n<meta name=\"twitter:card\" content=\"summary_large_image\" \/>\n<script type=\"application\/ld+json\" class=\"yoast-schema-graph\">{\"@context\":\"https:\/\/schema.org\",\"@graph\":[{\"@type\":\"WebPage\",\"@id\":\"https:\/\/ozyufka.com\/tr\/produkt\/lavas-dueruem\/\",\"url\":\"https:\/\/ozyufka.com\/tr\/produkt\/lavas-dueruem\/\",\"name\":\"Lava\u015f - D\u00fcr\u00fcm - ozyufka\",\"isPartOf\":{\"@id\":\"https:\/\/ozyufka.com\/#website\"},\"datePublished\":\"2021-05-10T14:15:17+00:00\",\"dateModified\":\"2021-05-18T08:13:37+00:00\",\"breadcrumb\":{\"@id\":\"https:\/\/ozyufka.com\/tr\/produkt\/lavas-dueruem\/#breadcrumb\"},\"inLanguage\":\"tr\",\"potentialAction\":[{\"@type\":\"ReadAction\",\"target\":[\"https:\/\/ozyufka.com\/tr\/produkt\/lavas-dueruem\/\"]}]},{\"@type\":\"BreadcrumbList\",\"@id\":\"https:\/\/ozyufka.com\/tr\/produkt\/lavas-dueruem\/#breadcrumb\",\"itemListElement\":[{\"@type\":\"ListItem\",\"position\":1,\"name\":\"Startseite\",\"item\":\"https:\/\/ozyufka.com\/tr\/\"},{\"@type\":\"ListItem\",\"position\":2,\"name\":\"\u00dcR\u00dcNLER\u0130M\u0130Z\",\"item\":\"https:\/\/ozyufka.com\/tr\/ueruenlerimiz\/\"},{\"@type\":\"ListItem\",\"position\":3,\"name\":\"Lava\u015f &#8211; D\u00fcr\u00fcm\"}]},{\"@type\":\"WebSite\",\"@id\":\"https:\/\/ozyufka.com\/#website\",\"url\":\"https:\/\/ozyufka.com\/\",\"name\":\"ozyufka\",\"description\":\"Teigwarenproduktion\",\"publisher\":{\"@id\":\"https:\/\/ozyufka.com\/#organization\"},\"potentialAction\":[{\"@type\":\"SearchAction\",\"target\":{\"@type\":\"EntryPoint\",\"urlTemplate\":\"https:\/\/ozyufka.com\/?s={search_term_string}\"},\"query-input\":\"required name=search_term_string\"}],\"inLanguage\":\"tr\"},{\"@type\":\"Organization\",\"@id\":\"https:\/\/ozyufka.com\/#organization\",\"name\":\"\u00d6z Yufka\",\"url\":\"https:\/\/ozyufka.com\/\",\"logo\":{\"@type\":\"ImageObject\",\"inLanguage\":\"tr\",\"@id\":\"https:\/\/ozyufka.com\/#\/schema\/logo\/image\/\",\"url\":\"https:\/\/ozyufka.com\/wp-content\/uploads\/2016\/08\/logo_150-1.png\",\"contentUrl\":\"https:\/\/ozyufka.com\/wp-content\/uploads\/2016\/08\/logo_150-1.png\",\"width\":150,\"height\":150,\"caption\":\"\u00d6z Yufka\"},\"image\":{\"@id\":\"https:\/\/ozyufka.com\/#\/schema\/logo\/image\/\"},\"sameAs\":[\"https:\/\/www.instagram.com\/ozyufka.com_tr\/?hl=en\",\"https:\/\/www.youtube.com\/channel\/UCJr0BtY4hXubsgpOKa-wXwQ\",\"https:\/\/www.facebook.com\/ozyufka\/\"]}]}<\/script>\n<!-- \/ Yoast SEO Premium plugin. -->","yoast_head_json":{"title":"Lava\u015f - D\u00fcr\u00fcm - ozyufka","robots":{"index":"index","follow":"follow","max-snippet":"max-snippet:-1","max-image-preview":"max-image-preview:large","max-video-preview":"max-video-preview:-1"},"canonical":"https:\/\/ozyufka.com\/tr\/produkt\/lavas-dueruem\/","og_locale":"tr_TR","og_type":"article","og_title":"Lava\u015f - D\u00fcr\u00fcm","og_url":"https:\/\/ozyufka.com\/tr\/produkt\/lavas-dueruem\/","og_site_name":"ozyufka","article_publisher":"https:\/\/www.facebook.com\/ozyufka\/","article_modified_time":"2021-05-18T08:13:37+00:00","og_image":[{"width":800,"height":779,"url":"https:\/\/ozyufka.com\/wp-content\/uploads\/2021\/05\/1382-1383-1384-Lavas-Dueruem-800x779-1.png","type":"image\/png"}],"twitter_card":"summary_large_image","schema":{"@context":"https:\/\/schema.org","@graph":[{"@type":"WebPage","@id":"https:\/\/ozyufka.com\/tr\/produkt\/lavas-dueruem\/","url":"https:\/\/ozyufka.com\/tr\/produkt\/lavas-dueruem\/","name":"Lava\u015f - D\u00fcr\u00fcm - ozyufka","isPartOf":{"@id":"https:\/\/ozyufka.com\/#website"},"datePublished":"2021-05-10T14:15:17+00:00","dateModified":"2021-05-18T08:13:37+00:00","breadcrumb":{"@id":"https:\/\/ozyufka.com\/tr\/produkt\/lavas-dueruem\/#breadcrumb"},"inLanguage":"tr","potentialAction":[{"@type":"ReadAction","target":["https:\/\/ozyufka.com\/tr\/produkt\/lavas-dueruem\/"]}]},{"@type":"BreadcrumbList","@id":"https:\/\/ozyufka.com\/tr\/produkt\/lavas-dueruem\/#breadcrumb","itemListElement":[{"@type":"ListItem","position":1,"name":"Startseite","item":"https:\/\/ozyufka.com\/tr\/"},{"@type":"ListItem","position":2,"name":"\u00dcR\u00dcNLER\u0130M\u0130Z","item":"https:\/\/ozyufka.com\/tr\/ueruenlerimiz\/"},{"@type":"ListItem","position":3,"name":"Lava\u015f &#8211; D\u00fcr\u00fcm"}]},{"@type":"WebSite","@id":"https:\/\/ozyufka.com\/#website","url":"https:\/\/ozyufka.com\/","name":"ozyufka","description":"Teigwarenproduktion","publisher":{"@id":"https:\/\/ozyufka.com\/#organization"},"potentialAction":[{"@type":"SearchAction","target":{"@type":"EntryPoint","urlTemplate":"https:\/\/ozyufka.com\/?s={search_term_string}"},"query-input":"required name=search_term_string"}],"inLanguage":"tr"},{"@type":"Organization","@id":"https:\/\/ozyufka.com\/#organization","name":"\u00d6z Yufka","url":"https:\/\/ozyufka.com\/","logo":{"@type":"ImageObject","inLanguage":"tr","@id":"https:\/\/ozyufka.com\/#\/schema\/logo\/image\/","url":"https:\/\/ozyufka.com\/wp-content\/uploads\/2016\/08\/logo_150-1.png","contentUrl":"https:\/\/ozyufka.com\/wp-content\/uploads\/2016\/08\/logo_150-1.png","width":150,"height":150,"caption":"\u00d6z Yufka"},"image":{"@id":"https:\/\/ozyufka.com\/#\/schema\/logo\/image\/"},"sameAs":["https:\/\/www.instagram.com\/ozyufka.com_tr\/?hl=en","https:\/\/www.youtube.com\/channel\/UCJr0BtY4hXubsgpOKa-wXwQ","https:\/\/www.facebook.com\/ozyufka\/"]}]}},"_links":{"self":[{"href":"https:\/\/ozyufka.com\/tr\/wp-json\/wp\/v2\/product\/13650","targetHints":{"allow":["GET"]}}],"collection":[{"href":"https:\/\/ozyufka.com\/tr\/wp-json\/wp\/v2\/product"}],"about":[{"href":"https:\/\/ozyufka.com\/tr\/wp-json\/wp\/v2\/types\/product"}],"wp:featuredmedia":[{"embeddable":true,"href":"https:\/\/ozyufka.com\/tr\/wp-json\/wp\/v2\/media\/13657"}],"wp:attachment":[{"href":"https:\/\/ozyufka.com\/tr\/wp-json\/wp\/v2\/media?parent=13650"}],"wp:term":[{"taxonomy":"product_cat","embeddable":true,"href":"https:\/\/ozyufka.com\/tr\/wp-json\/wp\/v2\/product_cat?post=13650"},{"taxonomy":"product_tag","embeddable":true,"href":"https:\/\/ozyufka.com\/tr\/wp-json\/wp\/v2\/product_tag?post=13650"}],"curies":[{"name":"wp","href":"https:\/\/api.w.org\/{rel}","templated":true}]}}