{"id":9543,"date":"2016-11-10T10:44:07","date_gmt":"2018-07-30T16:27:32","guid":{"rendered":"https:\/\/bqqu2pe0.myraidbox.de\/produkt\/kuenefe-kadayifi\/"},"modified":"2018-08-29T12:05:37","modified_gmt":"2018-08-29T10:05:37","slug":"kuenefe-kadayifi","status":"publish","type":"product","link":"https:\/\/ozyufka.com\/fr\/produkt\/kuenefe-kadayifi\/","title":{"rendered":"K\u00fcnefe Kadayifi"},"content":{"rendered":"<p>Des ingr\u00e9dients s\u00e9lectionn\u00e9s et des produits fabriqu\u00e9s avec soin rendent \u00d6Z YUFKA unique aux yeux de ceux qui misent sur la tradition. Que ce soit en taille classique ou en petit format, \u00d6Z YUFKA se d\u00e9cline en diff\u00e9rentes variantes.<\/p>\n","protected":false},"excerpt":{"rendered":"<p>  Fils de p\u00e2te fins. Parfaitement adapt\u00e9s \u00e0 la pr\u00e9paration de plats sucr\u00e9s tels que le K\u00fcnefe.<\/p>\n","protected":false},"featured_media":13491,"template":"","meta":[],"product_cat":[912],"product_tag":[],"class_list":["post-9543","product","type-product","status-publish","has-post-thumbnail","hentry","product_cat-pates-a-kadaif"],"yoast_head":"<!-- This site is optimized with the Yoast SEO Premium plugin v16.8 (Yoast SEO v19.10) - https:\/\/yoast.com\/wordpress\/plugins\/seo\/ -->\n<title>K\u00fcnefe Kadayifi - ozyufka<\/title>\n<meta name=\"robots\" content=\"index, follow, max-snippet:-1, max-image-preview:large, max-video-preview:-1\" \/>\n<link rel=\"canonical\" href=\"https:\/\/ozyufka.com\/fr\/produkt\/kuenefe-kadayifi\/\" \/>\n<meta property=\"og:locale\" content=\"fr_FR\" \/>\n<meta property=\"og:type\" content=\"article\" \/>\n<meta property=\"og:title\" content=\"K\u00fcnefe Kadayifi\" \/>\n<meta property=\"og:description\" content=\"Fils de p\u00e2te fins. Parfaitement adapt\u00e9s \u00e0 la pr\u00e9paration de plats sucr\u00e9s tels que le K\u00fcnefe.\" \/>\n<meta property=\"og:url\" content=\"https:\/\/ozyufka.com\/fr\/produkt\/kuenefe-kadayifi\/\" \/>\n<meta property=\"og:site_name\" content=\"ozyufka\" \/>\n<meta property=\"article:publisher\" content=\"https:\/\/www.facebook.com\/ozyufka\/\" \/>\n<meta property=\"article:modified_time\" content=\"2018-08-29T10:05:37+00:00\" \/>\n<meta property=\"og:image\" content=\"https:\/\/ozyufka.com\/wp-content\/uploads\/2016\/11\/1400-Kuenefe-kadayif-800x798-1.png\" \/>\n\t<meta property=\"og:image:width\" content=\"800\" \/>\n\t<meta property=\"og:image:height\" content=\"798\" \/>\n\t<meta property=\"og:image:type\" content=\"image\/png\" \/>\n<meta name=\"twitter:card\" content=\"summary_large_image\" \/>\n<script type=\"application\/ld+json\" class=\"yoast-schema-graph\">{\"@context\":\"https:\/\/schema.org\",\"@graph\":[{\"@type\":\"WebPage\",\"@id\":\"https:\/\/ozyufka.com\/fr\/produkt\/kuenefe-kadayifi\/\",\"url\":\"https:\/\/ozyufka.com\/fr\/produkt\/kuenefe-kadayifi\/\",\"name\":\"K\u00fcnefe Kadayifi - ozyufka\",\"isPartOf\":{\"@id\":\"https:\/\/ozyufka.com\/#website\"},\"datePublished\":\"2018-07-30T16:27:32+00:00\",\"dateModified\":\"2018-08-29T10:05:37+00:00\",\"breadcrumb\":{\"@id\":\"https:\/\/ozyufka.com\/fr\/produkt\/kuenefe-kadayifi\/#breadcrumb\"},\"inLanguage\":\"fr-FR\",\"potentialAction\":[{\"@type\":\"ReadAction\",\"target\":[\"https:\/\/ozyufka.com\/fr\/produkt\/kuenefe-kadayifi\/\"]}]},{\"@type\":\"BreadcrumbList\",\"@id\":\"https:\/\/ozyufka.com\/fr\/produkt\/kuenefe-kadayifi\/#breadcrumb\",\"itemListElement\":[{\"@type\":\"ListItem\",\"position\":1,\"name\":\"Startseite\",\"item\":\"https:\/\/ozyufka.com\/fr\/\"},{\"@type\":\"ListItem\",\"position\":2,\"name\":\"PRODUKTE\",\"item\":\"https:\/\/ozyufka.com\/produkte\/\"},{\"@type\":\"ListItem\",\"position\":3,\"name\":\"K\u00fcnefe Kadayifi\"}]},{\"@type\":\"WebSite\",\"@id\":\"https:\/\/ozyufka.com\/#website\",\"url\":\"https:\/\/ozyufka.com\/\",\"name\":\"ozyufka\",\"description\":\"Teigwarenproduktion\",\"publisher\":{\"@id\":\"https:\/\/ozyufka.com\/#organization\"},\"potentialAction\":[{\"@type\":\"SearchAction\",\"target\":{\"@type\":\"EntryPoint\",\"urlTemplate\":\"https:\/\/ozyufka.com\/?s={search_term_string}\"},\"query-input\":\"required name=search_term_string\"}],\"inLanguage\":\"fr-FR\"},{\"@type\":\"Organization\",\"@id\":\"https:\/\/ozyufka.com\/#organization\",\"name\":\"\u00d6z Yufka\",\"url\":\"https:\/\/ozyufka.com\/\",\"logo\":{\"@type\":\"ImageObject\",\"inLanguage\":\"fr-FR\",\"@id\":\"https:\/\/ozyufka.com\/#\/schema\/logo\/image\/\",\"url\":\"https:\/\/ozyufka.com\/wp-content\/uploads\/2016\/08\/logo_150-1.png\",\"contentUrl\":\"https:\/\/ozyufka.com\/wp-content\/uploads\/2016\/08\/logo_150-1.png\",\"width\":150,\"height\":150,\"caption\":\"\u00d6z Yufka\"},\"image\":{\"@id\":\"https:\/\/ozyufka.com\/#\/schema\/logo\/image\/\"},\"sameAs\":[\"https:\/\/www.instagram.com\/ozyufka.com_tr\/?hl=en\",\"https:\/\/www.youtube.com\/channel\/UCJr0BtY4hXubsgpOKa-wXwQ\",\"https:\/\/www.facebook.com\/ozyufka\/\"]}]}<\/script>\n<!-- \/ Yoast SEO Premium plugin. -->","yoast_head_json":{"title":"K\u00fcnefe Kadayifi - ozyufka","robots":{"index":"index","follow":"follow","max-snippet":"max-snippet:-1","max-image-preview":"max-image-preview:large","max-video-preview":"max-video-preview:-1"},"canonical":"https:\/\/ozyufka.com\/fr\/produkt\/kuenefe-kadayifi\/","og_locale":"fr_FR","og_type":"article","og_title":"K\u00fcnefe Kadayifi","og_description":"Fils de p\u00e2te fins. Parfaitement adapt\u00e9s \u00e0 la pr\u00e9paration de plats sucr\u00e9s tels que le K\u00fcnefe.","og_url":"https:\/\/ozyufka.com\/fr\/produkt\/kuenefe-kadayifi\/","og_site_name":"ozyufka","article_publisher":"https:\/\/www.facebook.com\/ozyufka\/","article_modified_time":"2018-08-29T10:05:37+00:00","og_image":[{"width":800,"height":798,"url":"https:\/\/ozyufka.com\/wp-content\/uploads\/2016\/11\/1400-Kuenefe-kadayif-800x798-1.png","type":"image\/png"}],"twitter_card":"summary_large_image","schema":{"@context":"https:\/\/schema.org","@graph":[{"@type":"WebPage","@id":"https:\/\/ozyufka.com\/fr\/produkt\/kuenefe-kadayifi\/","url":"https:\/\/ozyufka.com\/fr\/produkt\/kuenefe-kadayifi\/","name":"K\u00fcnefe Kadayifi - ozyufka","isPartOf":{"@id":"https:\/\/ozyufka.com\/#website"},"datePublished":"2018-07-30T16:27:32+00:00","dateModified":"2018-08-29T10:05:37+00:00","breadcrumb":{"@id":"https:\/\/ozyufka.com\/fr\/produkt\/kuenefe-kadayifi\/#breadcrumb"},"inLanguage":"fr-FR","potentialAction":[{"@type":"ReadAction","target":["https:\/\/ozyufka.com\/fr\/produkt\/kuenefe-kadayifi\/"]}]},{"@type":"BreadcrumbList","@id":"https:\/\/ozyufka.com\/fr\/produkt\/kuenefe-kadayifi\/#breadcrumb","itemListElement":[{"@type":"ListItem","position":1,"name":"Startseite","item":"https:\/\/ozyufka.com\/fr\/"},{"@type":"ListItem","position":2,"name":"PRODUKTE","item":"https:\/\/ozyufka.com\/produkte\/"},{"@type":"ListItem","position":3,"name":"K\u00fcnefe Kadayifi"}]},{"@type":"WebSite","@id":"https:\/\/ozyufka.com\/#website","url":"https:\/\/ozyufka.com\/","name":"ozyufka","description":"Teigwarenproduktion","publisher":{"@id":"https:\/\/ozyufka.com\/#organization"},"potentialAction":[{"@type":"SearchAction","target":{"@type":"EntryPoint","urlTemplate":"https:\/\/ozyufka.com\/?s={search_term_string}"},"query-input":"required name=search_term_string"}],"inLanguage":"fr-FR"},{"@type":"Organization","@id":"https:\/\/ozyufka.com\/#organization","name":"\u00d6z Yufka","url":"https:\/\/ozyufka.com\/","logo":{"@type":"ImageObject","inLanguage":"fr-FR","@id":"https:\/\/ozyufka.com\/#\/schema\/logo\/image\/","url":"https:\/\/ozyufka.com\/wp-content\/uploads\/2016\/08\/logo_150-1.png","contentUrl":"https:\/\/ozyufka.com\/wp-content\/uploads\/2016\/08\/logo_150-1.png","width":150,"height":150,"caption":"\u00d6z Yufka"},"image":{"@id":"https:\/\/ozyufka.com\/#\/schema\/logo\/image\/"},"sameAs":["https:\/\/www.instagram.com\/ozyufka.com_tr\/?hl=en","https:\/\/www.youtube.com\/channel\/UCJr0BtY4hXubsgpOKa-wXwQ","https:\/\/www.facebook.com\/ozyufka\/"]}]}},"_links":{"self":[{"href":"https:\/\/ozyufka.com\/fr\/wp-json\/wp\/v2\/product\/9543","targetHints":{"allow":["GET"]}}],"collection":[{"href":"https:\/\/ozyufka.com\/fr\/wp-json\/wp\/v2\/product"}],"about":[{"href":"https:\/\/ozyufka.com\/fr\/wp-json\/wp\/v2\/types\/product"}],"wp:featuredmedia":[{"embeddable":true,"href":"https:\/\/ozyufka.com\/fr\/wp-json\/wp\/v2\/media\/13491"}],"wp:attachment":[{"href":"https:\/\/ozyufka.com\/fr\/wp-json\/wp\/v2\/media?parent=9543"}],"wp:term":[{"taxonomy":"product_cat","embeddable":true,"href":"https:\/\/ozyufka.com\/fr\/wp-json\/wp\/v2\/product_cat?post=9543"},{"taxonomy":"product_tag","embeddable":true,"href":"https:\/\/ozyufka.com\/fr\/wp-json\/wp\/v2\/product_tag?post=9543"}],"curies":[{"name":"wp","href":"https:\/\/api.w.org\/{rel}","templated":true}]}}