{"id":11251,"date":"2016-08-04T13:50:10","date_gmt":"2016-08-04T11:50:10","guid":{"rendered":"https:\/\/ozyufka.com\/produkt\/oez-hatay-ezmesi\/"},"modified":"2018-09-13T18:00:48","modified_gmt":"2018-09-13T16:00:48","slug":"oez-hatay-ezmesi","status":"publish","type":"product","link":"https:\/\/ozyufka.com\/fr\/produkt\/oez-hatay-ezmesi\/","title":{"rendered":"\u00d6z Hatay Ezmesi"},"content":{"rendered":"<p>Die ausgew\u00e4hlten Zutaten und die mit gr\u00f6\u00dfter Sorgfalt hergestellte Pastete machen \u00d6Z YUFKA f\u00fcr alle einzigartig, die auf Tradition Wert legen. Ob in der klassischen Gr\u00f6\u00dfe oder im kleineren Format, \u00d6Z YUFKA gibt es in vielen verschiedenen Varianten.<br \/>\n\u00d6Z YUFKA &#8211; F\u00fcr den einzigartigen Geschmack<\/p>\n","protected":false},"excerpt":{"rendered":"<p>Die mittelscharfe Gew\u00fcrzpastete nach Hatay Art eignet sich hervorragend als Brotaufstrich oder zum kochen.<\/p>\n","protected":false},"featured_media":10588,"template":"","meta":[],"product_cat":[909],"product_tag":[],"class_list":["post-11251","product","type-product","status-publish","has-post-thumbnail","hentry","product_cat-tarte-aux-epices"],"yoast_head":"<!-- This site is optimized with the Yoast SEO Premium plugin v16.8 (Yoast SEO v19.10) - https:\/\/yoast.com\/wordpress\/plugins\/seo\/ -->\n<title>\u00d6z Hatay Ezmesi - ozyufka<\/title>\n<meta name=\"robots\" content=\"index, follow, max-snippet:-1, max-image-preview:large, max-video-preview:-1\" \/>\n<link rel=\"canonical\" href=\"https:\/\/ozyufka.com\/fr\/produkt\/oez-hatay-ezmesi\/\" \/>\n<meta property=\"og:locale\" content=\"fr_FR\" \/>\n<meta property=\"og:type\" content=\"article\" \/>\n<meta property=\"og:title\" content=\"\u00d6z Hatay Ezmesi\" \/>\n<meta property=\"og:description\" content=\"Die mittelscharfe Gew\u00fcrzpastete nach Hatay Art eignet sich hervorragend als Brotaufstrich oder zum kochen.\" \/>\n<meta property=\"og:url\" content=\"https:\/\/ozyufka.com\/fr\/produkt\/oez-hatay-ezmesi\/\" \/>\n<meta property=\"og:site_name\" content=\"ozyufka\" \/>\n<meta property=\"article:publisher\" content=\"https:\/\/www.facebook.com\/ozyufka\/\" \/>\n<meta property=\"article:modified_time\" content=\"2018-09-13T16:00:48+00:00\" \/>\n<meta property=\"og:image\" content=\"https:\/\/ozyufka.com\/wp-content\/uploads\/2016\/10\/ezmesi.png\" \/>\n\t<meta property=\"og:image:width\" content=\"800\" \/>\n\t<meta property=\"og:image:height\" content=\"800\" \/>\n\t<meta property=\"og:image:type\" content=\"image\/png\" \/>\n<meta name=\"twitter:card\" content=\"summary_large_image\" \/>\n<script type=\"application\/ld+json\" class=\"yoast-schema-graph\">{\"@context\":\"https:\/\/schema.org\",\"@graph\":[{\"@type\":\"WebPage\",\"@id\":\"https:\/\/ozyufka.com\/fr\/produkt\/oez-hatay-ezmesi\/\",\"url\":\"https:\/\/ozyufka.com\/fr\/produkt\/oez-hatay-ezmesi\/\",\"name\":\"\u00d6z Hatay Ezmesi - ozyufka\",\"isPartOf\":{\"@id\":\"https:\/\/ozyufka.com\/#website\"},\"datePublished\":\"2016-08-04T11:50:10+00:00\",\"dateModified\":\"2018-09-13T16:00:48+00:00\",\"breadcrumb\":{\"@id\":\"https:\/\/ozyufka.com\/fr\/produkt\/oez-hatay-ezmesi\/#breadcrumb\"},\"inLanguage\":\"fr-FR\",\"potentialAction\":[{\"@type\":\"ReadAction\",\"target\":[\"https:\/\/ozyufka.com\/fr\/produkt\/oez-hatay-ezmesi\/\"]}]},{\"@type\":\"BreadcrumbList\",\"@id\":\"https:\/\/ozyufka.com\/fr\/produkt\/oez-hatay-ezmesi\/#breadcrumb\",\"itemListElement\":[{\"@type\":\"ListItem\",\"position\":1,\"name\":\"Startseite\",\"item\":\"https:\/\/ozyufka.com\/fr\/\"},{\"@type\":\"ListItem\",\"position\":2,\"name\":\"PRODUKTE\",\"item\":\"https:\/\/ozyufka.com\/produkte\/\"},{\"@type\":\"ListItem\",\"position\":3,\"name\":\"\u00d6z Hatay Ezmesi\"}]},{\"@type\":\"WebSite\",\"@id\":\"https:\/\/ozyufka.com\/#website\",\"url\":\"https:\/\/ozyufka.com\/\",\"name\":\"ozyufka\",\"description\":\"Teigwarenproduktion\",\"publisher\":{\"@id\":\"https:\/\/ozyufka.com\/#organization\"},\"potentialAction\":[{\"@type\":\"SearchAction\",\"target\":{\"@type\":\"EntryPoint\",\"urlTemplate\":\"https:\/\/ozyufka.com\/?s={search_term_string}\"},\"query-input\":\"required name=search_term_string\"}],\"inLanguage\":\"fr-FR\"},{\"@type\":\"Organization\",\"@id\":\"https:\/\/ozyufka.com\/#organization\",\"name\":\"\u00d6z Yufka\",\"url\":\"https:\/\/ozyufka.com\/\",\"logo\":{\"@type\":\"ImageObject\",\"inLanguage\":\"fr-FR\",\"@id\":\"https:\/\/ozyufka.com\/#\/schema\/logo\/image\/\",\"url\":\"https:\/\/ozyufka.com\/wp-content\/uploads\/2016\/08\/logo_150-1.png\",\"contentUrl\":\"https:\/\/ozyufka.com\/wp-content\/uploads\/2016\/08\/logo_150-1.png\",\"width\":150,\"height\":150,\"caption\":\"\u00d6z Yufka\"},\"image\":{\"@id\":\"https:\/\/ozyufka.com\/#\/schema\/logo\/image\/\"},\"sameAs\":[\"https:\/\/www.instagram.com\/ozyufka.com_tr\/?hl=en\",\"https:\/\/www.youtube.com\/channel\/UCJr0BtY4hXubsgpOKa-wXwQ\",\"https:\/\/www.facebook.com\/ozyufka\/\"]}]}<\/script>\n<!-- \/ Yoast SEO Premium plugin. -->","yoast_head_json":{"title":"\u00d6z Hatay Ezmesi - ozyufka","robots":{"index":"index","follow":"follow","max-snippet":"max-snippet:-1","max-image-preview":"max-image-preview:large","max-video-preview":"max-video-preview:-1"},"canonical":"https:\/\/ozyufka.com\/fr\/produkt\/oez-hatay-ezmesi\/","og_locale":"fr_FR","og_type":"article","og_title":"\u00d6z Hatay Ezmesi","og_description":"Die mittelscharfe Gew\u00fcrzpastete nach Hatay Art eignet sich hervorragend als Brotaufstrich oder zum kochen.","og_url":"https:\/\/ozyufka.com\/fr\/produkt\/oez-hatay-ezmesi\/","og_site_name":"ozyufka","article_publisher":"https:\/\/www.facebook.com\/ozyufka\/","article_modified_time":"2018-09-13T16:00:48+00:00","og_image":[{"width":800,"height":800,"url":"https:\/\/ozyufka.com\/wp-content\/uploads\/2016\/10\/ezmesi.png","type":"image\/png"}],"twitter_card":"summary_large_image","schema":{"@context":"https:\/\/schema.org","@graph":[{"@type":"WebPage","@id":"https:\/\/ozyufka.com\/fr\/produkt\/oez-hatay-ezmesi\/","url":"https:\/\/ozyufka.com\/fr\/produkt\/oez-hatay-ezmesi\/","name":"\u00d6z Hatay Ezmesi - ozyufka","isPartOf":{"@id":"https:\/\/ozyufka.com\/#website"},"datePublished":"2016-08-04T11:50:10+00:00","dateModified":"2018-09-13T16:00:48+00:00","breadcrumb":{"@id":"https:\/\/ozyufka.com\/fr\/produkt\/oez-hatay-ezmesi\/#breadcrumb"},"inLanguage":"fr-FR","potentialAction":[{"@type":"ReadAction","target":["https:\/\/ozyufka.com\/fr\/produkt\/oez-hatay-ezmesi\/"]}]},{"@type":"BreadcrumbList","@id":"https:\/\/ozyufka.com\/fr\/produkt\/oez-hatay-ezmesi\/#breadcrumb","itemListElement":[{"@type":"ListItem","position":1,"name":"Startseite","item":"https:\/\/ozyufka.com\/fr\/"},{"@type":"ListItem","position":2,"name":"PRODUKTE","item":"https:\/\/ozyufka.com\/produkte\/"},{"@type":"ListItem","position":3,"name":"\u00d6z Hatay Ezmesi"}]},{"@type":"WebSite","@id":"https:\/\/ozyufka.com\/#website","url":"https:\/\/ozyufka.com\/","name":"ozyufka","description":"Teigwarenproduktion","publisher":{"@id":"https:\/\/ozyufka.com\/#organization"},"potentialAction":[{"@type":"SearchAction","target":{"@type":"EntryPoint","urlTemplate":"https:\/\/ozyufka.com\/?s={search_term_string}"},"query-input":"required name=search_term_string"}],"inLanguage":"fr-FR"},{"@type":"Organization","@id":"https:\/\/ozyufka.com\/#organization","name":"\u00d6z Yufka","url":"https:\/\/ozyufka.com\/","logo":{"@type":"ImageObject","inLanguage":"fr-FR","@id":"https:\/\/ozyufka.com\/#\/schema\/logo\/image\/","url":"https:\/\/ozyufka.com\/wp-content\/uploads\/2016\/08\/logo_150-1.png","contentUrl":"https:\/\/ozyufka.com\/wp-content\/uploads\/2016\/08\/logo_150-1.png","width":150,"height":150,"caption":"\u00d6z Yufka"},"image":{"@id":"https:\/\/ozyufka.com\/#\/schema\/logo\/image\/"},"sameAs":["https:\/\/www.instagram.com\/ozyufka.com_tr\/?hl=en","https:\/\/www.youtube.com\/channel\/UCJr0BtY4hXubsgpOKa-wXwQ","https:\/\/www.facebook.com\/ozyufka\/"]}]}},"_links":{"self":[{"href":"https:\/\/ozyufka.com\/fr\/wp-json\/wp\/v2\/product\/11251","targetHints":{"allow":["GET"]}}],"collection":[{"href":"https:\/\/ozyufka.com\/fr\/wp-json\/wp\/v2\/product"}],"about":[{"href":"https:\/\/ozyufka.com\/fr\/wp-json\/wp\/v2\/types\/product"}],"wp:featuredmedia":[{"embeddable":true,"href":"https:\/\/ozyufka.com\/fr\/wp-json\/wp\/v2\/media\/10588"}],"wp:attachment":[{"href":"https:\/\/ozyufka.com\/fr\/wp-json\/wp\/v2\/media?parent=11251"}],"wp:term":[{"taxonomy":"product_cat","embeddable":true,"href":"https:\/\/ozyufka.com\/fr\/wp-json\/wp\/v2\/product_cat?post=11251"},{"taxonomy":"product_tag","embeddable":true,"href":"https:\/\/ozyufka.com\/fr\/wp-json\/wp\/v2\/product_tag?post=11251"}],"curies":[{"name":"wp","href":"https:\/\/api.w.org\/{rel}","templated":true}]}}