{"id":11185,"date":"2018-09-06T18:58:16","date_gmt":"2018-09-06T16:58:16","guid":{"rendered":"https:\/\/ozyufka.com\/produkt\/citir-kurabiye\/"},"modified":"2018-09-13T17:39:16","modified_gmt":"2018-09-13T15:39:16","slug":"citir-kurabiye","status":"publish","type":"product","link":"https:\/\/ozyufka.com\/fr\/produkt\/citir-kurabiye\/","title":{"rendered":"\u00c7\u0131t\u0131r Kurabiye"},"content":{"rendered":"","protected":false},"excerpt":{"rendered":"","protected":false},"featured_media":13404,"template":"","meta":[],"product_cat":[1030],"product_tag":[],"class_list":["post-11185","product","type-product","status-publish","has-post-thumbnail","hentry","product_cat-gebaeck-fr"],"yoast_head":"<!-- This site is optimized with the Yoast SEO Premium plugin v16.8 (Yoast SEO v19.10) - https:\/\/yoast.com\/wordpress\/plugins\/seo\/ -->\n<title>\u00c7\u0131t\u0131r Kurabiye - ozyufka<\/title>\n<meta name=\"robots\" content=\"index, follow, max-snippet:-1, max-image-preview:large, max-video-preview:-1\" \/>\n<link rel=\"canonical\" href=\"https:\/\/ozyufka.com\/fr\/produkt\/citir-kurabiye\/\" \/>\n<meta property=\"og:locale\" content=\"fr_FR\" \/>\n<meta property=\"og:type\" content=\"article\" \/>\n<meta property=\"og:title\" content=\"\u00c7\u0131t\u0131r Kurabiye\" \/>\n<meta property=\"og:url\" content=\"https:\/\/ozyufka.com\/fr\/produkt\/citir-kurabiye\/\" \/>\n<meta property=\"og:site_name\" content=\"ozyufka\" \/>\n<meta property=\"article:publisher\" content=\"https:\/\/www.facebook.com\/ozyufka\/\" \/>\n<meta property=\"article:modified_time\" content=\"2018-09-13T15:39:16+00:00\" \/>\n<meta property=\"og:image\" content=\"https:\/\/ozyufka.com\/wp-content\/uploads\/2018\/09\/1420-OZ-LEZZET_CITIR-KURABIYE-800x795-1.png\" \/>\n\t<meta property=\"og:image:width\" content=\"800\" \/>\n\t<meta property=\"og:image:height\" content=\"795\" \/>\n\t<meta property=\"og:image:type\" content=\"image\/png\" \/>\n<meta name=\"twitter:card\" content=\"summary_large_image\" \/>\n<script type=\"application\/ld+json\" class=\"yoast-schema-graph\">{\"@context\":\"https:\/\/schema.org\",\"@graph\":[{\"@type\":\"WebPage\",\"@id\":\"https:\/\/ozyufka.com\/fr\/produkt\/citir-kurabiye\/\",\"url\":\"https:\/\/ozyufka.com\/fr\/produkt\/citir-kurabiye\/\",\"name\":\"\u00c7\u0131t\u0131r Kurabiye - ozyufka\",\"isPartOf\":{\"@id\":\"https:\/\/ozyufka.com\/#website\"},\"datePublished\":\"2018-09-06T16:58:16+00:00\",\"dateModified\":\"2018-09-13T15:39:16+00:00\",\"breadcrumb\":{\"@id\":\"https:\/\/ozyufka.com\/fr\/produkt\/citir-kurabiye\/#breadcrumb\"},\"inLanguage\":\"fr-FR\",\"potentialAction\":[{\"@type\":\"ReadAction\",\"target\":[\"https:\/\/ozyufka.com\/fr\/produkt\/citir-kurabiye\/\"]}]},{\"@type\":\"BreadcrumbList\",\"@id\":\"https:\/\/ozyufka.com\/fr\/produkt\/citir-kurabiye\/#breadcrumb\",\"itemListElement\":[{\"@type\":\"ListItem\",\"position\":1,\"name\":\"Startseite\",\"item\":\"https:\/\/ozyufka.com\/fr\/\"},{\"@type\":\"ListItem\",\"position\":2,\"name\":\"PRODUKTE\",\"item\":\"https:\/\/ozyufka.com\/produkte\/\"},{\"@type\":\"ListItem\",\"position\":3,\"name\":\"\u00c7\u0131t\u0131r Kurabiye\"}]},{\"@type\":\"WebSite\",\"@id\":\"https:\/\/ozyufka.com\/#website\",\"url\":\"https:\/\/ozyufka.com\/\",\"name\":\"ozyufka\",\"description\":\"Teigwarenproduktion\",\"publisher\":{\"@id\":\"https:\/\/ozyufka.com\/#organization\"},\"potentialAction\":[{\"@type\":\"SearchAction\",\"target\":{\"@type\":\"EntryPoint\",\"urlTemplate\":\"https:\/\/ozyufka.com\/?s={search_term_string}\"},\"query-input\":\"required name=search_term_string\"}],\"inLanguage\":\"fr-FR\"},{\"@type\":\"Organization\",\"@id\":\"https:\/\/ozyufka.com\/#organization\",\"name\":\"\u00d6z Yufka\",\"url\":\"https:\/\/ozyufka.com\/\",\"logo\":{\"@type\":\"ImageObject\",\"inLanguage\":\"fr-FR\",\"@id\":\"https:\/\/ozyufka.com\/#\/schema\/logo\/image\/\",\"url\":\"https:\/\/ozyufka.com\/wp-content\/uploads\/2016\/08\/logo_150-1.png\",\"contentUrl\":\"https:\/\/ozyufka.com\/wp-content\/uploads\/2016\/08\/logo_150-1.png\",\"width\":150,\"height\":150,\"caption\":\"\u00d6z Yufka\"},\"image\":{\"@id\":\"https:\/\/ozyufka.com\/#\/schema\/logo\/image\/\"},\"sameAs\":[\"https:\/\/www.instagram.com\/ozyufka.com_tr\/?hl=en\",\"https:\/\/www.youtube.com\/channel\/UCJr0BtY4hXubsgpOKa-wXwQ\",\"https:\/\/www.facebook.com\/ozyufka\/\"]}]}<\/script>\n<!-- \/ Yoast SEO Premium plugin. -->","yoast_head_json":{"title":"\u00c7\u0131t\u0131r Kurabiye - ozyufka","robots":{"index":"index","follow":"follow","max-snippet":"max-snippet:-1","max-image-preview":"max-image-preview:large","max-video-preview":"max-video-preview:-1"},"canonical":"https:\/\/ozyufka.com\/fr\/produkt\/citir-kurabiye\/","og_locale":"fr_FR","og_type":"article","og_title":"\u00c7\u0131t\u0131r Kurabiye","og_url":"https:\/\/ozyufka.com\/fr\/produkt\/citir-kurabiye\/","og_site_name":"ozyufka","article_publisher":"https:\/\/www.facebook.com\/ozyufka\/","article_modified_time":"2018-09-13T15:39:16+00:00","og_image":[{"width":800,"height":795,"url":"https:\/\/ozyufka.com\/wp-content\/uploads\/2018\/09\/1420-OZ-LEZZET_CITIR-KURABIYE-800x795-1.png","type":"image\/png"}],"twitter_card":"summary_large_image","schema":{"@context":"https:\/\/schema.org","@graph":[{"@type":"WebPage","@id":"https:\/\/ozyufka.com\/fr\/produkt\/citir-kurabiye\/","url":"https:\/\/ozyufka.com\/fr\/produkt\/citir-kurabiye\/","name":"\u00c7\u0131t\u0131r Kurabiye - ozyufka","isPartOf":{"@id":"https:\/\/ozyufka.com\/#website"},"datePublished":"2018-09-06T16:58:16+00:00","dateModified":"2018-09-13T15:39:16+00:00","breadcrumb":{"@id":"https:\/\/ozyufka.com\/fr\/produkt\/citir-kurabiye\/#breadcrumb"},"inLanguage":"fr-FR","potentialAction":[{"@type":"ReadAction","target":["https:\/\/ozyufka.com\/fr\/produkt\/citir-kurabiye\/"]}]},{"@type":"BreadcrumbList","@id":"https:\/\/ozyufka.com\/fr\/produkt\/citir-kurabiye\/#breadcrumb","itemListElement":[{"@type":"ListItem","position":1,"name":"Startseite","item":"https:\/\/ozyufka.com\/fr\/"},{"@type":"ListItem","position":2,"name":"PRODUKTE","item":"https:\/\/ozyufka.com\/produkte\/"},{"@type":"ListItem","position":3,"name":"\u00c7\u0131t\u0131r Kurabiye"}]},{"@type":"WebSite","@id":"https:\/\/ozyufka.com\/#website","url":"https:\/\/ozyufka.com\/","name":"ozyufka","description":"Teigwarenproduktion","publisher":{"@id":"https:\/\/ozyufka.com\/#organization"},"potentialAction":[{"@type":"SearchAction","target":{"@type":"EntryPoint","urlTemplate":"https:\/\/ozyufka.com\/?s={search_term_string}"},"query-input":"required name=search_term_string"}],"inLanguage":"fr-FR"},{"@type":"Organization","@id":"https:\/\/ozyufka.com\/#organization","name":"\u00d6z Yufka","url":"https:\/\/ozyufka.com\/","logo":{"@type":"ImageObject","inLanguage":"fr-FR","@id":"https:\/\/ozyufka.com\/#\/schema\/logo\/image\/","url":"https:\/\/ozyufka.com\/wp-content\/uploads\/2016\/08\/logo_150-1.png","contentUrl":"https:\/\/ozyufka.com\/wp-content\/uploads\/2016\/08\/logo_150-1.png","width":150,"height":150,"caption":"\u00d6z Yufka"},"image":{"@id":"https:\/\/ozyufka.com\/#\/schema\/logo\/image\/"},"sameAs":["https:\/\/www.instagram.com\/ozyufka.com_tr\/?hl=en","https:\/\/www.youtube.com\/channel\/UCJr0BtY4hXubsgpOKa-wXwQ","https:\/\/www.facebook.com\/ozyufka\/"]}]}},"_links":{"self":[{"href":"https:\/\/ozyufka.com\/fr\/wp-json\/wp\/v2\/product\/11185","targetHints":{"allow":["GET"]}}],"collection":[{"href":"https:\/\/ozyufka.com\/fr\/wp-json\/wp\/v2\/product"}],"about":[{"href":"https:\/\/ozyufka.com\/fr\/wp-json\/wp\/v2\/types\/product"}],"wp:featuredmedia":[{"embeddable":true,"href":"https:\/\/ozyufka.com\/fr\/wp-json\/wp\/v2\/media\/13404"}],"wp:attachment":[{"href":"https:\/\/ozyufka.com\/fr\/wp-json\/wp\/v2\/media?parent=11185"}],"wp:term":[{"taxonomy":"product_cat","embeddable":true,"href":"https:\/\/ozyufka.com\/fr\/wp-json\/wp\/v2\/product_cat?post=11185"},{"taxonomy":"product_tag","embeddable":true,"href":"https:\/\/ozyufka.com\/fr\/wp-json\/wp\/v2\/product_tag?post=11185"}],"curies":[{"name":"wp","href":"https:\/\/api.w.org\/{rel}","templated":true}]}}